{"id":549,"date":"2018-08-30T13:21:59","date_gmt":"2018-08-30T11:21:59","guid":{"rendered":"http:\/\/klufur.de\/wp\/?page_id=549"},"modified":"2018-08-30T13:30:56","modified_gmt":"2018-08-30T11:30:56","slug":"igelaufnahme-ja-oder-nein","status":"publish","type":"page","link":"https:\/\/klufur.de\/wp\/igelaufnahme-ja-oder-nein\/","title":{"rendered":"Igelaufnahme &#8211; ja oder nein?"},"content":{"rendered":"\n<figure class=\"wp-block-image aligncenter\"><img loading=\"lazy\" width=\"640\" height=\"436\" src=\"https:\/\/klufur.de\/wp\/wp-content\/uploads\/2018\/08\/Igel.jpg\" alt=\"\" class=\"wp-image-552\" srcset=\"https:\/\/klufur.de\/wp\/wp-content\/uploads\/2018\/08\/Igel.jpg 640w, https:\/\/klufur.de\/wp\/wp-content\/uploads\/2018\/08\/Igel-300x204.jpg 300w, https:\/\/klufur.de\/wp\/wp-content\/uploads\/2018\/08\/Igel-50x34.jpg 50w\" sizes=\"(max-width: 640px) 100vw, 640px\" \/><\/figure>\n\n\n\n<p>Jahrelang war man sehr schnell bereit, Igel, die nicht rechtzeitig in den Winterschlaf fielen, in menschliche Obhut zu nehmen, um sie aus vermeintlicher Todesgefahr zu retten Heute wei\u00df man: nicht jeder Igel braucht im Herbst unsere Hilfe &#8211; aber jede Hilfe muss richtig sein. Steht man vor der Entscheidung, ob ein Igel aufgenommen werden muss oder nicht, ist zuerst die Frage zu beantworten, ob der Igel krank, verletzt oder stark untergewichtig ist, und damit hilfsbed\u00fcrftig ist.<\/p>\n\n\n\n<p><strong>Voraussetzungen f\u00fcr die Aufnahme eines Igels:<\/strong><\/p>\n\n\n\n<p>Nach dem Bundesnaturschutzgesetz ist es generell verboten, Tiere der besonders gesch\u00fctzten Arten &#8211; und dazu z\u00e4hlt der Igel &#8211; aus der Natur zu entnehmen. Es ist allerdings zul\u00e4ssig, kranke oder verletzte Tiere vor\u00fcbergehend aufzunehmen, um sie gesund zu pflegen. Pflege und<br\/>hilfsbed\u00fcrftig sind:<\/p>\n\n\n\n<ul><li>Verwaiste Igels\u00e4uglinge, die sich tags\u00fcber au\u00dferhalb ihres Nestes befinden und noch geschlossene Augen und Ohren haben<\/li><li>Verletzte Igel (Stra\u00dfe, Bauarbeiten) und Igel die wom\u00f6glich schon tagelang ohne Wasser und Futter in Lichtsch\u00e4chten oder \u00e4hnlichem gefangen waren<\/li><li>Kranke Igel; man erkennt Sie meist daran, dass sie tags\u00fcber herumlaufen oder -liegen. Sie sind apathisch, rollen sich kaum ein und sind oft mager. Ausnahmen: Sind Igel durch Gartenarbeiten oder einen Hund aufgest\u00f6bert worden, wird sich ein gesundes Tier tags\u00fcber einen neuen Unterschlupf suchen.<\/li><li>Igel, die nach Wintereinbruch, das hei\u00dft bei Dauerfrost oder geschlossener Schneedecke herumlaufen; Es sind entweder kranke und schwache Alttiere oder aber &#8211; was h\u00e4ufiger der Fall ist &#8211; Jungtiere, die sehr sp\u00e4t geboren wurden, vielleicht auch krank sind, und sich wegen des geringen Nahrungsangebotes im Herbst kein f\u00fcr den Winterschlaf ausreichendes Fettpolster anfressen konnten.<\/li><\/ul>\n\n\n\n<p><strong>Nur in diesen Ausnahmef\u00e4llen ist es erlaubt, einen Igel vor\u00fcbergehend aufzunehmen.<\/strong> Man sollte sich unbedingt die Stelle merken, an der man den Igel aufgelesen hat, denn dort sollte er im darauffolgenden Jahr wieder ausgesetzt werden.<\/p>\n\n\n\n<p>Haben Sie einen gesunden Igel in der N\u00e4he Ihrer Wohnung gefunden, der sein Gewicht f\u00fcr den Winterschlaf noch nicht erreicht hat, ist es am besten, wenn Sie ihn an Ort und Stelle belassen und dort f\u00fcttern, so dass er sein Winterschlafgewicht noch erreichen kann.<\/p>\n\n\n\n<p><br\/>Bei Fragen k\u00f6nnen Sie sich jederzeit an die Tierfreunde M\u00f6ssingen wenden.<\/p>\n","protected":false},"excerpt":{"rendered":"<p>Jahrelang war man sehr schnell bereit, Igel, die nicht rechtzeitig in den Winterschlaf fielen, in menschliche Obhut zu nehmen, um sie aus vermeintlicher Todesgefahr zu retten Heute wei\u00df man: nicht jeder Igel braucht im Herbst unsere Hilfe &#8211; aber jede Hilfe muss richtig sein. Steht man vor der Entscheidung, ob [&hellip;]<\/p>\n","protected":false},"author":1,"featured_media":0,"parent":0,"menu_order":0,"comment_status":"closed","ping_status":"closed","template":"","meta":[],"wppr_data":{"cwp_meta_box_check":"No"},"_links":{"self":[{"href":"https:\/\/klufur.de\/wp\/wp-json\/wp\/v2\/pages\/549"}],"collection":[{"href":"https:\/\/klufur.de\/wp\/wp-json\/wp\/v2\/pages"}],"about":[{"href":"https:\/\/klufur.de\/wp\/wp-json\/wp\/v2\/types\/page"}],"author":[{"embeddable":true,"href":"https:\/\/klufur.de\/wp\/wp-json\/wp\/v2\/users\/1"}],"replies":[{"embeddable":true,"href":"https:\/\/klufur.de\/wp\/wp-json\/wp\/v2\/comments?post=549"}],"version-history":[{"count":4,"href":"https:\/\/klufur.de\/wp\/wp-json\/wp\/v2\/pages\/549\/revisions"}],"predecessor-version":[{"id":556,"href":"https:\/\/klufur.de\/wp\/wp-json\/wp\/v2\/pages\/549\/revisions\/556"}],"wp:attachment":[{"href":"https:\/\/klufur.de\/wp\/wp-json\/wp\/v2\/media?parent=549"}],"curies":[{"name":"wp","href":"https:\/\/api.w.org\/{rel}","templated":true}]}}